{"id":410,"date":"2021-05-25T22:05:31","date_gmt":"2021-05-25T20:05:31","guid":{"rendered":"https:\/\/sq8l.pzk.pl\/?page_id=410"},"modified":"2021-09-30T11:24:46","modified_gmt":"2021-09-30T09:24:46","slug":"bramka-amprnet","status":"publish","type":"page","link":"https:\/\/sq8l.pzk.pl\/index.php\/bramka-amprnet\/","title":{"rendered":"Bramka AMPRNet"},"content":{"rendered":"\n<p>W Rzeszowie zosta\u0142a uruchomiona bramka AMPRNet. Dzia\u0142a ona pod adresem 44.165.130.1 (<a rel=\"noreferrer noopener\" href=\"http:\/\/sq8l.ampr.org\" data-type=\"URL\" data-id=\"sq8l.ampr.org\" target=\"_blank\">sq8l.ampr.org<\/a>, <a rel=\"noreferrer noopener\" href=\"http:\/\/gw.hamnet.sq8l.pl\" data-type=\"URL\" data-id=\"gw.hamnet.sq8l.pl\" target=\"_blank\">gw.hamnet.sq8l.pl<\/a>) i sprawuje ona funkcj\u0119 g\u0142\u00f3wnej bramy dla rzeszowskiej podsieci 44.165.130.0\/24. Pod adresem tym dzia\u0142aj\u0105 nast\u0119puj\u0105ce us\u0142ugi:<\/p>\n\n\n\n<ul><li>serwer NTP &#8211; stabilizowany GPS (stratum 1) &#8211; dost\u0119pny z AMPRNet oraz z Internetu (ntp.sq8l.pl)<\/li><li><a rel=\"noreferrer noopener\" href=\"http:\/\/sq8l.ampr.org\" target=\"_blank\">serwer WWW<\/a> &#8211; og\u00f3lny opis, dodatkowe us\u0142ugi<\/li><li><a rel=\"noreferrer noopener\" href=\"http:\/\/sq8l.ampr.org:14501\" data-type=\"URL\" data-id=\"http:\/\/sq8l.ampr.org:14501\" target=\"_blank\">serwer APRS<\/a> &#8211; dost\u0119pny w ca\u0142ej sieci AMPRNet<\/li><li>serwer DNS &#8211; przekierowywanie zapyta\u0144, dost\u0119pny tylko w podsieci 44.165.130.0\/24<\/li><\/ul>\n\n\n\n<p>Obecnie ca\u0142o\u015b\u0107 dzia\u0142a w oparciu o Raspberry Pi 4 i dysk SSD 120 GB.<\/p>\n","protected":false},"excerpt":{"rendered":"W Rzeszowie zosta\u0142a uruchomiona bramka AMPRNet. Dzia\u0142a ona pod adresem 44.165.130.1 (sq8l.ampr.org, gw.hamnet.sq8l.pl) i sprawuje ona funkcj\u0119 g\u0142\u00f3wnej bramy dla rzeszowskiej podsieci 44.165.130.0\/24. Pod adresem tym dzia\u0142aj\u0105 nast\u0119puj\u0105ce us\u0142ugi: serwer NTP &#8211; stabilizowany GPS (stratum 1) &#8211; dost\u0119pny z AMPRNet oraz z Internetu (ntp.sq8l.pl) serwer WWW &#8211; og\u00f3lny opis, dodatkowe&hellip;\n","protected":false},"author":1,"featured_media":0,"parent":0,"menu_order":0,"comment_status":"closed","ping_status":"closed","template":"","meta":{"ngg_post_thumbnail":0},"_links":{"self":[{"href":"https:\/\/sq8l.pzk.pl\/index.php\/wp-json\/wp\/v2\/pages\/410"}],"collection":[{"href":"https:\/\/sq8l.pzk.pl\/index.php\/wp-json\/wp\/v2\/pages"}],"about":[{"href":"https:\/\/sq8l.pzk.pl\/index.php\/wp-json\/wp\/v2\/types\/page"}],"author":[{"embeddable":true,"href":"https:\/\/sq8l.pzk.pl\/index.php\/wp-json\/wp\/v2\/users\/1"}],"replies":[{"embeddable":true,"href":"https:\/\/sq8l.pzk.pl\/index.php\/wp-json\/wp\/v2\/comments?post=410"}],"version-history":[{"count":3,"href":"https:\/\/sq8l.pzk.pl\/index.php\/wp-json\/wp\/v2\/pages\/410\/revisions"}],"predecessor-version":[{"id":712,"href":"https:\/\/sq8l.pzk.pl\/index.php\/wp-json\/wp\/v2\/pages\/410\/revisions\/712"}],"wp:attachment":[{"href":"https:\/\/sq8l.pzk.pl\/index.php\/wp-json\/wp\/v2\/media?parent=410"}],"curies":[{"name":"wp","href":"https:\/\/api.w.org\/{rel}","templated":true}]}}