{"id":23,"date":"2020-01-19T18:59:44","date_gmt":"2020-01-19T17:59:44","guid":{"rendered":"http:\/\/sq8l.pzk.pl\/?page_id=23"},"modified":"2025-08-10T16:40:31","modified_gmt":"2025-08-10T14:40:31","slug":"o-mnie","status":"publish","type":"page","link":"https:\/\/sq8l.pzk.pl\/index.php\/o-mnie\/","title":{"rendered":"O mnie"},"content":{"rendered":"\n<figure class=\"wp-block-image size-large\"><img decoding=\"async\" loading=\"lazy\" width=\"1024\" height=\"576\" src=\"https:\/\/sq8l.pzk.pl\/wp-content\/uploads\/2021\/09\/IMG_20210828_093845-scaled-1-1024x576.jpg\" alt=\"\" class=\"wp-image-681\" srcset=\"https:\/\/sq8l.pzk.pl\/wp-content\/uploads\/2021\/09\/IMG_20210828_093845-scaled-1-1024x576.jpg 1024w, https:\/\/sq8l.pzk.pl\/wp-content\/uploads\/2021\/09\/IMG_20210828_093845-scaled-1-300x169.jpg 300w, https:\/\/sq8l.pzk.pl\/wp-content\/uploads\/2021\/09\/IMG_20210828_093845-scaled-1-768x432.jpg 768w, https:\/\/sq8l.pzk.pl\/wp-content\/uploads\/2021\/09\/IMG_20210828_093845-scaled-1-1536x864.jpg 1536w, https:\/\/sq8l.pzk.pl\/wp-content\/uploads\/2021\/09\/IMG_20210828_093845-scaled-1-2048x1152.jpg 2048w\" sizes=\"(max-width: 1024px) 100vw, 1024px\" \/><figcaption class=\"wp-element-caption\"><mark style=\"background-color:rgba(0, 0, 0, 0)\" class=\"has-inline-color has-cyan-bluish-gray-color\">Ja zarabiaj\u0105cy kabel podczas Podkarpackiego Zjazdu Kr\u00f3tkofalowc\u00f3w 2021 w Marysinie<\/mark><\/figcaption><\/figure>\n\n\n\n<p>Nazywam si\u0119 Piotr Wilko\u0144, m\u00f3j znak wywo\u0142awczy to SQ8L. Pochodz\u0119 z Rzeszowa, a obecnie wi\u0119cej mieszkam w Krakowie. Radiokomunikacja zacz\u0119\u0142a mnie interesowa\u0107 na powa\u017cnie w po\u0142owie 2015 roku, mia\u0142em w\u00f3wczas 14 lat. Po przygotowaniach przyst\u0105pi\u0142em do egzaminu w marcu 2016 roku i otrzyma\u0142em znak SQ8VPS. Od pocz\u0105tku 2019 roku posiadam tak\u017ce znak SQ8L, kt\u00f3ry sta\u0142 si\u0119 moim g\u0142\u00f3wnym znakiem. Ponadto w maju 2021 roku otrzyma\u0142em ameryka\u0144ski znak AD2BZ (Extra).<\/p>\n\n\n\n<p>Jako osoba o zainteresowaniach typowo technicznych zajmuj\u0119 si\u0119 g\u0142\u00f3wnie elektronik\u0105 i programowaniem (przede wszystkim niskopoziomowym, pisz\u0119 w C i C++). Szczeg\u00f3lnie interesuje mnie radiotechnika i budowa obwod\u00f3w w. cz., ale zajmuj\u0119 si\u0119 tak\u017ce systemami wbudowanymi (embedded). Fascynuj\u0105 mnie r\u00f3wnie\u017c techniki cyfrowego przetwarzania sygna\u0142u (DSP) i kodowania, przede wszystkim pod k\u0105tem telekomunikacji. W 2025 roku uko\u0144czy\u0142em studia magisterskie in\u017cynierskie na AGH na kierunku Elektronika i Telekomunikacja. W tym samym roku rozpocz\u0105\u0142em prac\u0119 jako in\u017cynier elektronik w firmie Aptiv w Krakowie.<\/p>\n\n\n\n<p>Je\u015bli chodzi o kr\u00f3tkofalarstwo, jestem aktywny wszystkimi emisjami na falach kr\u00f3tkich, ale w wi\u0119kszo\u015bci na CW. Szczeg\u00f3lnie lubi\u0119 DXowa\u0107 i &#8222;polowa\u0107&#8221; na nowe kraje, a tak\u017ce bra\u0107 udzia\u0142 w zawodach. W tym momencie mam zrobione \u0142\u0105czno\u015bci z ponad dwustoma DXCC, bardzo ma\u0142ymi kroczkami zbli\u017caj\u0105c si\u0119 do trzysetki. Na UKF jestem aktywny w FM i C4FM lokalnie i w podr\u00f3\u017cach. Poza tym jestem operatorem rzeszowskiego digi SR8NDR, a tak\u017ce jednym z konstruktor\u00f3w\/modernizator\u00f3w lokalnych przemiennik\u00f3w. By\u0142em jednym z prowadz\u0105cych klub SP8POP przy SP nr 18 w Rzeszowie, a aktualnie jestem aktywnym cz\u0142onkiem klubu SP8PRZ oraz operatorem na stacji contestowej SP8R. Poza tym nale\u017c\u0119 do OT-18 PZK, SP DX Clubu (#959), SKCC (#18510) i PKRVG.<\/p>\n\n\n\n<p>Wiele r\u00f3\u017cnych projekt\u00f3w i pomys\u0142\u00f3w sprawi\u0142o, \u017ce, chc\u0105c podzieli\u0107 si\u0119 nimi, za\u0142o\u017cy\u0142em t\u0119 stron\u0119 (mam nadziej\u0119, \u017ce tym razem na powa\u017cnie) i postaram si\u0119 w miar\u0119 mo\u017cliwo\u015bci j\u0105 uzupe\u0142nia\u0107.<\/p>\n\n\n\n<p><strong>e-mail: sq8vps(ma\u0142pa)gmail.com<\/strong><\/p>\n\n\n\n<figure class=\"wp-block-image size-large\"><img decoding=\"async\" loading=\"lazy\" width=\"1024\" height=\"768\" src=\"https:\/\/sq8l.pzk.pl\/wp-content\/uploads\/2021\/09\/03-11-2015-1024x768.jpg\" alt=\"\" class=\"wp-image-677\" srcset=\"https:\/\/sq8l.pzk.pl\/wp-content\/uploads\/2021\/09\/03-11-2015-1024x768.jpg 1024w, https:\/\/sq8l.pzk.pl\/wp-content\/uploads\/2021\/09\/03-11-2015-300x225.jpg 300w, https:\/\/sq8l.pzk.pl\/wp-content\/uploads\/2021\/09\/03-11-2015-768x576.jpg 768w, https:\/\/sq8l.pzk.pl\/wp-content\/uploads\/2021\/09\/03-11-2015-1536x1152.jpg 1536w, https:\/\/sq8l.pzk.pl\/wp-content\/uploads\/2021\/09\/03-11-2015-2048x1536.jpg 2048w\" sizes=\"(max-width: 1024px) 100vw, 1024px\" \/><figcaption class=\"wp-element-caption\"><mark style=\"background-color:rgba(0, 0, 0, 0)\" class=\"has-inline-color has-cyan-bluish-gray-color\">Pocz\u0105tki, listopad 2015, kilka miesi\u0119cy przed uzyskaniem licencji. Pierwsze anteny odbiorcze &#8211; prosty dipol i eksperymentalny MiniWhip. Pozosta\u0142y po nich tylko wspomnienia.<\/mark><\/figcaption><\/figure>\n","protected":false},"excerpt":{"rendered":"Nazywam si\u0119 Piotr Wilko\u0144, m\u00f3j znak wywo\u0142awczy to SQ8L. Pochodz\u0119 z Rzeszowa, a obecnie wi\u0119cej mieszkam w Krakowie. Radiokomunikacja zacz\u0119\u0142a mnie interesowa\u0107 na powa\u017cnie w po\u0142owie 2015 roku, mia\u0142em w\u00f3wczas 14 lat. Po przygotowaniach przyst\u0105pi\u0142em do egzaminu w marcu 2016 roku i otrzyma\u0142em znak SQ8VPS. Od pocz\u0105tku 2019 roku posiadam&hellip;\n","protected":false},"author":1,"featured_media":0,"parent":0,"menu_order":0,"comment_status":"closed","ping_status":"closed","template":"","meta":{"ngg_post_thumbnail":0},"_links":{"self":[{"href":"https:\/\/sq8l.pzk.pl\/index.php\/wp-json\/wp\/v2\/pages\/23"}],"collection":[{"href":"https:\/\/sq8l.pzk.pl\/index.php\/wp-json\/wp\/v2\/pages"}],"about":[{"href":"https:\/\/sq8l.pzk.pl\/index.php\/wp-json\/wp\/v2\/types\/page"}],"author":[{"embeddable":true,"href":"https:\/\/sq8l.pzk.pl\/index.php\/wp-json\/wp\/v2\/users\/1"}],"replies":[{"embeddable":true,"href":"https:\/\/sq8l.pzk.pl\/index.php\/wp-json\/wp\/v2\/comments?post=23"}],"version-history":[{"count":17,"href":"https:\/\/sq8l.pzk.pl\/index.php\/wp-json\/wp\/v2\/pages\/23\/revisions"}],"predecessor-version":[{"id":935,"href":"https:\/\/sq8l.pzk.pl\/index.php\/wp-json\/wp\/v2\/pages\/23\/revisions\/935"}],"wp:attachment":[{"href":"https:\/\/sq8l.pzk.pl\/index.php\/wp-json\/wp\/v2\/media?parent=23"}],"curies":[{"name":"wp","href":"https:\/\/api.w.org\/{rel}","templated":true}]}}